{"id":8564,"date":"2025-02-09T08:25:06","date_gmt":"2025-02-09T08:25:06","guid":{"rendered":"https:\/\/encostasdatorre.com\/?page_id=8564"},"modified":"2025-04-25T15:05:08","modified_gmt":"2025-04-25T15:05:08","slug":"termos-e-condicoes","status":"publish","type":"page","link":"https:\/\/encostasdatorre.com\/en\/termos-e-condicoes\/","title":{"rendered":"Terms and Conditions"},"content":{"rendered":"<div data-elementor-type=\"wp-page\" data-elementor-id=\"8564\" class=\"elementor elementor-8564\">\n\t\t\t\t\t\t<section class=\"elementor-section elementor-top-section elementor-element elementor-element-32771105 elementor-section-full_width qodef-elementor-content-grid elementor-section-height-default elementor-section-height-default\" data-id=\"32771105\" data-element_type=\"section\">\n\t\t\t\t\t\t<div class=\"elementor-container elementor-column-gap-default\">\n\t\t\t\t\t<div class=\"elementor-column elementor-col-100 elementor-top-column elementor-element elementor-element-7456125f\" data-id=\"7456125f\" data-element_type=\"column\">\n\t\t\t<div class=\"elementor-widget-wrap elementor-element-populated\">\n\t\t\t\t\t\t<div class=\"elementor-element elementor-element-5228677 elementor-widget elementor-widget-kamperen_core_section_title\" data-id=\"5228677\" data-element_type=\"widget\" data-widget_type=\"kamperen_core_section_title.default\">\n\t\t\t\t<div class=\"elementor-widget-container\">\n\t\t\t\t\t<div class=\"qodef-shortcode qodef-m  qodef-section-title qodef-alignment--center\">\n\t\t<div class=\"qodef-m-tagline-mark\" >\n\t\tLegal\t<\/div>\n\t\t<h1 class=\"qodef-m-title\" >\n\t\t\t\t\tTerms and Conditions<br \/>\t\t\t<\/h1>\n\t<\/div>\n\t\t\t\t<\/div>\n\t\t\t\t<\/div>\n\t\t\t\t\t<\/div>\n\t\t<\/div>\n\t\t\t\t\t<\/div>\n\t\t<\/section>\n\t\t\t\t<section class=\"elementor-section elementor-top-section elementor-element elementor-element-5ec1b3d3 elementor-section-full_width qodef-elementor-content-grid elementor-section-height-default elementor-section-height-default\" data-id=\"5ec1b3d3\" data-element_type=\"section\">\n\t\t\t\t\t\t<div class=\"elementor-container elementor-column-gap-default\">\n\t\t\t\t\t<div class=\"elementor-column elementor-col-100 elementor-top-column elementor-element elementor-element-32688814\" data-id=\"32688814\" data-element_type=\"column\">\n\t\t\t<div class=\"elementor-widget-wrap elementor-element-populated\">\n\t\t\t\t\t\t<div class=\"elementor-element elementor-element-c609756 elementor-widget elementor-widget-text-editor\" data-id=\"c609756\" data-element_type=\"widget\" data-widget_type=\"text-editor.default\">\n\t\t\t\t<div class=\"elementor-widget-container\">\n\t\t\t\t\t\t\t\t\t<p>\u00daltima Atualiza\u00e7\u00e3o: 07 de Abril 2025<\/p>\t\t\t\t\t\t\t\t<\/div>\n\t\t\t\t<\/div>\n\t\t\t\t<div class=\"elementor-element elementor-element-3f277c5e elementor-widget elementor-widget-text-editor\" data-id=\"3f277c5e\" data-element_type=\"widget\" data-widget_type=\"text-editor.default\">\n\t\t\t\t<div class=\"elementor-widget-container\">\n\t\t\t\t\t\t\t\t\t\n<h2 class=\"wp-block-heading\" data-start=\"163\" data-end=\"182\">1. Introdu\u00e7\u00e3o<\/h2>\n\t\t\t\t\t\t\t\t<\/div>\n\t\t\t\t<\/div>\n\t\t\t\t<div class=\"elementor-element elementor-element-4cdc283 elementor-widget elementor-widget-text-editor\" data-id=\"4cdc283\" data-element_type=\"widget\" data-widget_type=\"text-editor.default\">\n\t\t\t\t<div class=\"elementor-widget-container\">\n\t\t\t\t\t\t\t\t\t<p class=\"\" data-start=\"183\" data-end=\"476\">Ao aceder e utilizar o website <a class=\"\" href=\"http:\/\/encostasdatorre.com\/en\/\" target=\"_new\" rel=\"noopener\" data-start=\"214\" data-end=\"263\">encostasdatorre.com<\/a>, o utilizador concorda com os presentes Termos e Condi\u00e7\u00f5es, que regulam a utiliza\u00e7\u00e3o deste site e o processo de reserva de estadias no alojamento local <strong data-start=\"416\" data-end=\"437\">Encostas da Torre<\/strong>, situado em Terras de Bouro, Portugal.<\/p>\t\t\t\t\t\t\t\t<\/div>\n\t\t\t\t<\/div>\n\t\t\t\t<div class=\"elementor-element elementor-element-439c5e1 elementor-widget elementor-widget-text-editor\" data-id=\"439c5e1\" data-element_type=\"widget\" data-widget_type=\"text-editor.default\">\n\t\t\t\t<div class=\"elementor-widget-container\">\n\t\t\t\t\t\t\t\t\t<h2>2. Reservas<\/h2>\t\t\t\t\t\t\t\t<\/div>\n\t\t\t\t<\/div>\n\t\t\t\t<div class=\"elementor-element elementor-element-8c5ae8c elementor-widget elementor-widget-text-editor\" data-id=\"8c5ae8c\" data-element_type=\"widget\" data-widget_type=\"text-editor.default\">\n\t\t\t\t<div class=\"elementor-widget-container\">\n\t\t\t\t\t\t\t\t\t<p>As reservas podem ser efetuadas atrav\u00e9s do nosso website, bem como atrav\u00e9s das plataformas Booking e Airbnb. Ap\u00f3s a submiss\u00e3o do pedido de reserva, o cliente ser\u00e1 contactado para confirma\u00e7\u00e3o da disponibilidade, condi\u00e7\u00f5es espec\u00edficas e detalhes de pagamento. A reserva s\u00f3 \u00e9 considerada v\u00e1lida ap\u00f3s confirma\u00e7\u00e3o por e-mail e respetivo pagamento.<\/p>\t\t\t\t\t\t\t\t<\/div>\n\t\t\t\t<\/div>\n\t\t\t\t<div class=\"elementor-element elementor-element-0e502a6 elementor-widget elementor-widget-text-editor\" data-id=\"0e502a6\" data-element_type=\"widget\" data-widget_type=\"text-editor.default\">\n\t\t\t\t<div class=\"elementor-widget-container\">\n\t\t\t\t\t\t\t\t\t<h2 data-start=\"840\" data-end=\"869\">3. Check-in e Check-out<\/h2>\t\t\t\t\t\t\t\t<\/div>\n\t\t\t\t<\/div>\n\t\t\t\t<div class=\"elementor-element elementor-element-46d61ca elementor-widget elementor-widget-text-editor\" data-id=\"46d61ca\" data-element_type=\"widget\" data-widget_type=\"text-editor.default\">\n\t\t\t\t<div class=\"elementor-widget-container\">\n\t\t\t\t\t\t\t\t\t<ul>\n<li data-start=\"872\" data-end=\"980\"><strong data-start=\"872\" data-end=\"885\">Check-in:<\/strong> entre as 15:30 e as 19:00. O cliente dever\u00e1 informar previamente a hora prevista de chegada.<\/li>\n<li data-start=\"983\" data-end=\"1024\"><strong data-start=\"983\" data-end=\"997\">Check-out:<\/strong> entre as 08:00 e as 11:00.<\/li>\n<\/ul>\t\t\t\t\t\t\t\t<\/div>\n\t\t\t\t<\/div>\n\t\t\t\t<div class=\"elementor-element elementor-element-d13c42c elementor-widget elementor-widget-text-editor\" data-id=\"d13c42c\" data-element_type=\"widget\" data-widget_type=\"text-editor.default\">\n\t\t\t\t<div class=\"elementor-widget-container\">\n\t\t\t\t\t\t\t\t\t<h2 data-start=\"1026\" data-end=\"1070\">4. Cancelamento e Pagamento Antecipado<\/h2>\t\t\t\t\t\t\t\t<\/div>\n\t\t\t\t<\/div>\n\t\t\t\t<div class=\"elementor-element elementor-element-e108483 elementor-widget elementor-widget-text-editor\" data-id=\"e108483\" data-element_type=\"widget\" data-widget_type=\"text-editor.default\">\n\t\t\t\t<div class=\"elementor-widget-container\">\n\t\t\t\t\t\t\t\t\t<p>As condi\u00e7\u00f5es de cancelamento e de pr\u00e9-pagamento podem variar conforme o tipo de alojamento e as datas da estadia. Recomendamos que verifique as condi\u00e7\u00f5es espec\u00edficas da op\u00e7\u00e3o selecionada no momento da reserva.<\/p>\t\t\t\t\t\t\t\t<\/div>\n\t\t\t\t<\/div>\n\t\t\t\t<div class=\"elementor-element elementor-element-68ccb62 elementor-widget elementor-widget-text-editor\" data-id=\"68ccb62\" data-element_type=\"widget\" data-widget_type=\"text-editor.default\">\n\t\t\t\t<div class=\"elementor-widget-container\">\n\t\t\t\t\t\t\t\t\t<h2>5. Crian\u00e7as e Cama Extra<\/h2>\t\t\t\t\t\t\t\t<\/div>\n\t\t\t\t<\/div>\n\t\t\t\t<div class=\"elementor-element elementor-element-2b617e5 elementor-widget elementor-widget-text-editor\" data-id=\"2b617e5\" data-element_type=\"widget\" data-widget_type=\"text-editor.default\">\n\t\t\t\t<div class=\"elementor-widget-container\">\n\t\t\t\t\t\t\t\t\t<ul>\n<li data-start=\"1315\" data-end=\"1350\">Todas as crian\u00e7as s\u00e3o bem-vindas.<\/li>\n<li data-start=\"1353\" data-end=\"1408\">A partir dos 5 anos, aplicam-se as tarifas de adulto.<\/li>\n<li data-start=\"1411\" data-end=\"1519\">Crian\u00e7as entre 0 e 3 anos poder\u00e3o utilizar um ber\u00e7o gratuito, mediante pedido e sujeito a disponibilidade.<\/li>\n<li data-start=\"1522\" data-end=\"1556\">N\u00e3o est\u00e3o dispon\u00edveis camas extra.<\/li>\n<\/ul>\n<p>Para visualizar os pre\u00e7os corretos e informa\u00e7\u00f5es de ocupa\u00e7\u00e3o, deve indicar o n\u00famero de crian\u00e7as e respetivas idades no formul\u00e1rio de reserva.<\/p>\t\t\t\t\t\t\t\t<\/div>\n\t\t\t\t<\/div>\n\t\t\t\t<div class=\"elementor-element elementor-element-310202e elementor-widget elementor-widget-text-editor\" data-id=\"310202e\" data-element_type=\"widget\" data-widget_type=\"text-editor.default\">\n\t\t\t\t<div class=\"elementor-widget-container\">\n\t\t\t\t\t\t\t\t\t<h2 data-start=\"1701\" data-end=\"1731\">6. Regras da Propriedade<\/h2>\t\t\t\t\t\t\t\t<\/div>\n\t\t\t\t<\/div>\n\t\t\t\t<div class=\"elementor-element elementor-element-038962f elementor-widget elementor-widget-text-editor\" data-id=\"038962f\" data-element_type=\"widget\" data-widget_type=\"text-editor.default\">\n\t\t\t\t<div class=\"elementor-widget-container\">\n\t\t\t\t\t\t\t\t\t<ul>\n<li data-start=\"1734\" data-end=\"1781\"><strong data-start=\"1734\" data-end=\"1759\">Animais de estima\u00e7\u00e3o:<\/strong> n\u00e3o s\u00e3o permitidos.<\/li>\n<li data-start=\"1784\" data-end=\"1840\"><strong data-start=\"1784\" data-end=\"1794\">Fumar:<\/strong> n\u00e3o \u00e9 permitido nas instala\u00e7\u00f5es interiores.<\/li>\n<li data-start=\"1843\" data-end=\"1922\"><strong data-start=\"1843\" data-end=\"1862\">Festas\/Eventos:<\/strong> n\u00e3o \u00e9 permitido realizar festas ou eventos no alojamento.<\/li>\n<li data-start=\"1925\" data-end=\"1998\"><strong data-start=\"1925\" data-end=\"1942\">Idade m\u00ednima:<\/strong> n\u00e3o existem restri\u00e7\u00f5es de idade para realizar check-in.<\/li>\n<\/ul>\t\t\t\t\t\t\t\t<\/div>\n\t\t\t\t<\/div>\n\t\t\t\t<div class=\"elementor-element elementor-element-474357c elementor-widget elementor-widget-text-editor\" data-id=\"474357c\" data-element_type=\"widget\" data-widget_type=\"text-editor.default\">\n\t\t\t\t<div class=\"elementor-widget-container\">\n\t\t\t\t\t\t\t\t\t<h2>7. Pagamento<\/h2>\t\t\t\t\t\t\t\t<\/div>\n\t\t\t\t<\/div>\n\t\t\t\t<div class=\"elementor-element elementor-element-49eb542 elementor-widget elementor-widget-text-editor\" data-id=\"49eb542\" data-element_type=\"widget\" data-widget_type=\"text-editor.default\">\n\t\t\t\t<div class=\"elementor-widget-container\">\n\t\t\t\t\t\t\t\t\t<p>Aceitamos pagamentos por <strong data-start=\"2044\" data-end=\"2070\">transfer\u00eancia banc\u00e1ria<\/strong>. Os dados para pagamento ser\u00e3o enviados por e-mail ap\u00f3s a confirma\u00e7\u00e3o da reserva.<\/p>\t\t\t\t\t\t\t\t<\/div>\n\t\t\t\t<\/div>\n\t\t\t\t<div class=\"elementor-element elementor-element-18669fa elementor-widget elementor-widget-text-editor\" data-id=\"18669fa\" data-element_type=\"widget\" data-widget_type=\"text-editor.default\">\n\t\t\t\t<div class=\"elementor-widget-container\">\n\t\t\t\t\t\t\t\t\t<h2>8. Responsabilidades do Cliente<\/h2>\t\t\t\t\t\t\t\t<\/div>\n\t\t\t\t<\/div>\n\t\t\t\t<div class=\"elementor-element elementor-element-45a7370 elementor-widget elementor-widget-text-editor\" data-id=\"45a7370\" data-element_type=\"widget\" data-widget_type=\"text-editor.default\">\n\t\t\t\t<div class=\"elementor-widget-container\">\n\t\t\t\t\t\t\t\t\t<p>O cliente \u00e9 respons\u00e1vel por manter a integridade das instala\u00e7\u00f5es durante a sua estadia. Quaisquer danos causados por neglig\u00eancia ser\u00e3o imputados ao cliente e poder\u00e3o ser cobrados os custos correspondentes \u00e0 repara\u00e7\u00e3o ou substitui\u00e7\u00e3o.<\/p>\t\t\t\t\t\t\t\t<\/div>\n\t\t\t\t<\/div>\n\t\t\t\t<div class=\"elementor-element elementor-element-40f101d elementor-widget elementor-widget-text-editor\" data-id=\"40f101d\" data-element_type=\"widget\" data-widget_type=\"text-editor.default\">\n\t\t\t\t<div class=\"elementor-widget-container\">\n\t\t\t\t\t\t\t\t\t<h2>9. Prote\u00e7\u00e3o de Dados<\/h2>\t\t\t\t\t\t\t\t<\/div>\n\t\t\t\t<\/div>\n\t\t\t\t<div class=\"elementor-element elementor-element-9077e54 elementor-widget elementor-widget-text-editor\" data-id=\"9077e54\" data-element_type=\"widget\" data-widget_type=\"text-editor.default\">\n\t\t\t\t<div class=\"elementor-widget-container\">\n\t\t\t\t\t\t\t\t\t<p>Todos os dados pessoais recolhidos ser\u00e3o utilizados exclusivamente para efeitos de gest\u00e3o da reserva, em conformidade com o Regulamento Geral sobre a Prote\u00e7\u00e3o de Dados (RGPD). Pode consultar a nossa <a href=\"https:\/\/encostasdatorre.com\/en\/politica-de-privacidade\/\">Pol\u00edtica de Privacidade<\/a> para mais informa\u00e7\u00f5es.<\/p>\t\t\t\t\t\t\t\t<\/div>\n\t\t\t\t<\/div>\n\t\t\t\t<div class=\"elementor-element elementor-element-72fdf74 elementor-widget elementor-widget-text-editor\" data-id=\"72fdf74\" data-element_type=\"widget\" data-widget_type=\"text-editor.default\">\n\t\t\t\t<div class=\"elementor-widget-container\">\n\t\t\t\t\t\t\t\t\t<h2>10. Altera\u00e7\u00f5es e Cancelamento por Parte do Alojamento<\/h2>\t\t\t\t\t\t\t\t<\/div>\n\t\t\t\t<\/div>\n\t\t\t\t<div class=\"elementor-element elementor-element-0c07f9f elementor-widget elementor-widget-text-editor\" data-id=\"0c07f9f\" data-element_type=\"widget\" data-widget_type=\"text-editor.default\">\n\t\t\t\t<div class=\"elementor-widget-container\">\n\t\t\t\t\t\t\t\t\t<p>Encostas da Torre reserva-se o direito de cancelar ou alterar reservas em casos excecionais ou de for\u00e7a maior. Nestas situa\u00e7\u00f5es, ser\u00e1 feito o reembolso integral dos montantes pagos.<\/p>\t\t\t\t\t\t\t\t<\/div>\n\t\t\t\t<\/div>\n\t\t\t\t<div class=\"elementor-element elementor-element-5b48fdd elementor-widget elementor-widget-text-editor\" data-id=\"5b48fdd\" data-element_type=\"widget\" data-widget_type=\"text-editor.default\">\n\t\t\t\t<div class=\"elementor-widget-container\">\n\t\t\t\t\t\t\t\t\t<h2>11. Idioma<\/h2>\t\t\t\t\t\t\t\t<\/div>\n\t\t\t\t<\/div>\n\t\t\t\t<div class=\"elementor-element elementor-element-c9ba604 elementor-widget elementor-widget-text-editor\" data-id=\"c9ba604\" data-element_type=\"widget\" data-widget_type=\"text-editor.default\">\n\t\t\t\t<div class=\"elementor-widget-container\">\n\t\t\t\t\t\t\t\t\t<p>Os presentes Termos e Condi\u00e7\u00f5es est\u00e3o dispon\u00edveis em <strong data-start=\"3019\" data-end=\"3032\">Portugu\u00eas<\/strong> e <strong data-start=\"3035\" data-end=\"3045\">Ingl\u00eas<\/strong>. Em caso de diverg\u00eancia na interpreta\u00e7\u00e3o, prevalece a vers\u00e3o em Portugu\u00eas.<\/p>\t\t\t\t\t\t\t\t<\/div>\n\t\t\t\t<\/div>\n\t\t\t\t<div class=\"elementor-element elementor-element-924ecc4 elementor-widget elementor-widget-text-editor\" data-id=\"924ecc4\" data-element_type=\"widget\" data-widget_type=\"text-editor.default\">\n\t\t\t\t<div class=\"elementor-widget-container\">\n\t\t\t\t\t\t\t\t\t<h2>12. Lei Aplic\u00e1vel<\/h2>\t\t\t\t\t\t\t\t<\/div>\n\t\t\t\t<\/div>\n\t\t\t\t<div class=\"elementor-element elementor-element-f33dfbc elementor-widget elementor-widget-text-editor\" data-id=\"f33dfbc\" data-element_type=\"widget\" data-widget_type=\"text-editor.default\">\n\t\t\t\t<div class=\"elementor-widget-container\">\n\t\t\t\t\t\t\t\t\t<p>Os presentes Termos e Condi\u00e7\u00f5es regem-se pela <strong data-start=\"3192\" data-end=\"3217\">legisla\u00e7\u00e3o portuguesa<\/strong>. Em caso de lit\u00edgio, as partes aceitam submeter-se aos tribunais portugueses competentes.<\/p>\t\t\t\t\t\t\t\t<\/div>\n\t\t\t\t<\/div>\n\t\t\t\t\t<\/div>\n\t\t<\/div>\n\t\t\t\t\t<\/div>\n\t\t<\/section>\n\t\t\t\t<\/div>","protected":false},"excerpt":{"rendered":"<p>Legal Termos e Condi\u00e7\u00f5es \u00daltima Atualiza\u00e7\u00e3o: 07 de Abril 2025 1. Introdu\u00e7\u00e3o Ao aceder e utilizar o website encostasdatorre.com, o utilizador concorda com os presentes Termos e Condi\u00e7\u00f5es, que regulam a utiliza\u00e7\u00e3o deste site e o processo de reserva de estadias no alojamento local Encostas da Torre, situado em Terras de Bouro, Portugal. 2. Reservas [&hellip;]<\/p>","protected":false},"author":1,"featured_media":0,"parent":0,"menu_order":0,"comment_status":"closed","ping_status":"closed","template":"","meta":{"_acf_changed":false,"footnotes":""},"class_list":["post-8564","page","type-page","status-publish","hentry"],"acf":[],"_links":{"self":[{"href":"https:\/\/encostasdatorre.com\/en\/wp-json\/wp\/v2\/pages\/8564","targetHints":{"allow":["GET"]}}],"collection":[{"href":"https:\/\/encostasdatorre.com\/en\/wp-json\/wp\/v2\/pages"}],"about":[{"href":"https:\/\/encostasdatorre.com\/en\/wp-json\/wp\/v2\/types\/page"}],"author":[{"embeddable":true,"href":"https:\/\/encostasdatorre.com\/en\/wp-json\/wp\/v2\/users\/1"}],"replies":[{"embeddable":true,"href":"https:\/\/encostasdatorre.com\/en\/wp-json\/wp\/v2\/comments?post=8564"}],"version-history":[{"count":9,"href":"https:\/\/encostasdatorre.com\/en\/wp-json\/wp\/v2\/pages\/8564\/revisions"}],"predecessor-version":[{"id":9016,"href":"https:\/\/encostasdatorre.com\/en\/wp-json\/wp\/v2\/pages\/8564\/revisions\/9016"}],"wp:attachment":[{"href":"https:\/\/encostasdatorre.com\/en\/wp-json\/wp\/v2\/media?parent=8564"}],"curies":[{"name":"wp","href":"https:\/\/api.w.org\/{rel}","templated":true}]}}