{"id":8567,"date":"2025-02-09T08:26:39","date_gmt":"2025-02-09T08:26:39","guid":{"rendered":"https:\/\/encostasdatorre.com\/?page_id=8567"},"modified":"2025-05-10T15:20:48","modified_gmt":"2025-05-10T15:20:48","slug":"envolvente","status":"publish","type":"page","link":"https:\/\/encostasdatorre.com\/en\/envolvente\/","title":{"rendered":"Surrounding"},"content":{"rendered":"<div data-elementor-type=\"wp-page\" data-elementor-id=\"8567\" class=\"elementor elementor-8567\">\n\t\t\t\t\t\t<section class=\"elementor-section elementor-top-section elementor-element elementor-element-3a7df644 elementor-section-full_width qodef-elementor-content-grid elementor-section-height-default elementor-section-height-default\" data-id=\"3a7df644\" data-element_type=\"section\">\n\t\t\t\t\t\t<div class=\"elementor-container elementor-column-gap-default\">\n\t\t\t\t\t<div class=\"elementor-column elementor-col-100 elementor-top-column elementor-element elementor-element-7f37e2f\" data-id=\"7f37e2f\" data-element_type=\"column\">\n\t\t\t<div class=\"elementor-widget-wrap elementor-element-populated\">\n\t\t\t\t\t\t<div class=\"elementor-element elementor-element-18a21e9c elementor-widget elementor-widget-kamperen_core_section_title\" data-id=\"18a21e9c\" data-element_type=\"widget\" data-widget_type=\"kamperen_core_section_title.default\">\n\t\t\t\t<div class=\"elementor-widget-container\">\n\t\t\t\t\t<div class=\"qodef-shortcode qodef-m  qodef-section-title qodef-alignment--center\">\n\t\t<div class=\"qodef-m-tagline-mark\" >\n\t\tSurrounding\t<\/div>\n\t\t<h1 class=\"qodef-m-title translation-block\" >Discover Everything<br> Ger\u00eas Has to Offer<\/h1>\n\t\t<p class=\"qodef-m-text\" >The region surrounding Encostas da Torre is an invitation to adventure, relaxation and discovery. From stunning trails in the Peneda-Ger\u00eas National Park to sports and leisure experiences, there is always something to explore. Get to know the main tourist attractions, discover the wealth of religious tourism and venture into outdoor activities such as hiking, canoeing and jeep tours. Whatever your travelling style, here you'll find unique experiences that will make your stay unforgettable.<\/p>\n<\/div>\n\t\t\t\t<\/div>\n\t\t\t\t<\/div>\n\t\t\t\t\t<\/div>\n\t\t<\/div>\n\t\t\t\t\t<\/div>\n\t\t<\/section>\n\t\t<div class=\"elementor-element elementor-element-308d74e e-flex e-con-boxed qodef-elementor-content-no e-con e-parent\" data-id=\"308d74e\" data-element_type=\"container\">\n\t\t\t\t\t<div class=\"e-con-inner\">\n\t\t\t\t<div class=\"elementor-element elementor-element-1d57055 elementor-widget elementor-widget-qi_addons_for_elementor_blog_list\" data-id=\"1d57055\" data-element_type=\"widget\" data-widget_type=\"qi_addons_for_elementor_blog_list.default\">\n\t\t\t\t<div class=\"elementor-widget-container\">\n\t\t\t\t\t<div class=\"qodef-shortcode qodef-m qodef-addons-blog-list qodef-info-no-icons qodef-image--hover-zoom qodef-qi-grid qodef-layout--qi-columns qodef-col-num--3 qodef-item-layout--boxed qodef-responsive--predefined\" >\n\t<div class=\"qodef-grid-inner\">\n\t\t<article class=\"qodef-e qodef-blog-item qodef-grid-item qodef-item--large post-8914 post type-post status-publish format-standard has-post-thumbnail hentry category-aventura\">\n\t<div class=\"qodef-e-inner\">\n\t\t<div class=\"qodef-e-media-holder\">\n\t\t\t<div class=\"qodef-e-media\">\n\t\t<div class=\"qodef-e-media-image\">\n\t\t<a itemprop=\"url\" href=\"https:\/\/encostasdatorre.com\/en\/aventura\/experiencias-radicais-no-coracao-do-geres\/\">\n\t\t\t<img fetchpriority=\"high\" decoding=\"async\" width=\"1024\" height=\"439\" src=\"https:\/\/encostasdatorre.com\/wp-content\/uploads\/2025\/04\/canyoning-ribeira-geres-e1744469320850-1024x439.png\" class=\"attachment-large size-large\" alt=\"\" srcset=\"https:\/\/encostasdatorre.com\/wp-content\/uploads\/2025\/04\/canyoning-ribeira-geres-e1744469320850-1024x439.png 1024w, https:\/\/encostasdatorre.com\/wp-content\/uploads\/2025\/04\/canyoning-ribeira-geres-e1744469320850-300x129.png 300w, https:\/\/encostasdatorre.com\/wp-content\/uploads\/2025\/04\/canyoning-ribeira-geres-e1744469320850-768x329.png 768w, https:\/\/encostasdatorre.com\/wp-content\/uploads\/2025\/04\/canyoning-ribeira-geres-e1744469320850.png 1200w\" sizes=\"(max-width: 1024px) 100vw, 1024px\" \/>\t\t<\/a>\n\t\t\t<\/div>\n<\/div>\n<div itemprop=\"dateCreated\" class=\"qodef-e-info-item qodef-e-info-date entry-date\">\n\t<a itemprop=\"url\" href=\"https:\/\/encostasdatorre.com\/en\/2025\/04\/\">\n\t\t10 Apr\t<\/a>\n<\/div>\n\t\t<\/div>\n\t\t<div class=\"qodef-e-content\">\n\t\t\t\t\t\t\t<div class=\"qodef-e-info qodef-info--top\">\n\t\t\t\t\t<div class=\"qodef-e-info-item qodef-e-info-category\">\n\t\t<a href=\"https:\/\/encostasdatorre.com\/en\/category\/aventura\/\" rel=\"category tag\">Adventure<\/a><\/div>\n<div class=\"qodef-e-info-item qodef-e-info-author\">\n\t<a itemprop=\"author\" class=\"qodef-e-info-author-link\" href=\"https:\/\/encostasdatorre.com\/en\/author\/jgomes\/\">\n\t\t\t\tJos\u00e9 Gomes\t<\/a>\n<\/div>\n\t\t\t\t<\/div>\n\t\t\t\t\t\t<div class=\"qodef-e-text\">\n\t\t\t\t<h5 itemprop=\"name\" class=\"qodef-e-title entry-title\">\n\t<a itemprop=\"url\" class=\"qodef-e-title-link\" href=\"https:\/\/encostasdatorre.com\/en\/aventura\/experiencias-radicais-no-coracao-do-geres\/\">\n\t\tExtreme Experiences in the Heart of Ger\u00eas\t<\/a>\n<\/h5>\n\t\t<p itemprop=\"description\" class=\"qodef-e-excerpt\">\n\t\t\tExperience the thrill of activities such as canyoning, 4x4 jeeps and horse riding in Ger\u00eas, near Encostas da Torre.\t\t<\/p>\n\t\t\t\t<\/div>\n\t\t\t\t\t\t\t<div class=\"qodef-e-info qodef-info--bottom\">\n\t\t\t\t\t\t<div class=\"qodef-e-read-more\">\n\t\t<a class=\"qodef-shortcode qodef-m qodef-qi-button qodef-html--link qodef-layout--filled qodef-type--standard qodef-icon--right qodef-hover--icon-move-horizontal-short\" href=\"https:\/\/encostasdatorre.com\/en\/aventura\/experiencias-radicais-no-coracao-do-geres\/\" target=\"_self\">\t<span class=\"qodef-m-text\">Read More<\/span>\t<\/a>\t<\/div>\n\t\t\t\t<\/div>\n\t\t\t\t\t<\/div>\n\t<\/div>\n<\/article>\n<article class=\"qodef-e qodef-blog-item qodef-grid-item qodef-item--large post-8866 post type-post status-publish format-standard has-post-thumbnail hentry category-natureza\">\n\t<div class=\"qodef-e-inner\">\n\t\t<div class=\"qodef-e-media-holder\">\n\t\t\t<div class=\"qodef-e-media\">\n\t\t<div class=\"qodef-e-media-image\">\n\t\t<a itemprop=\"url\" href=\"https:\/\/encostasdatorre.com\/en\/natureza\/trilhos-imperdiveis-do-parque-nacional-peneda-geres-explore-a-natureza-de-terras-de-bouro\/\">\n\t\t\t<img decoding=\"async\" width=\"1024\" height=\"439\" src=\"https:\/\/encostasdatorre.com\/wp-content\/uploads\/2025\/04\/trilho-da-aguia-do-sarilhao-e1744326449210-1024x439.webp\" class=\"attachment-large size-large\" alt=\"\" srcset=\"https:\/\/encostasdatorre.com\/wp-content\/uploads\/2025\/04\/trilho-da-aguia-do-sarilhao-e1744326449210-1024x439.webp 1024w, https:\/\/encostasdatorre.com\/wp-content\/uploads\/2025\/04\/trilho-da-aguia-do-sarilhao-e1744326449210-300x128.webp 300w, https:\/\/encostasdatorre.com\/wp-content\/uploads\/2025\/04\/trilho-da-aguia-do-sarilhao-e1744326449210-768x329.webp 768w, https:\/\/encostasdatorre.com\/wp-content\/uploads\/2025\/04\/trilho-da-aguia-do-sarilhao-e1744326449210-1536x658.webp 1536w, https:\/\/encostasdatorre.com\/wp-content\/uploads\/2025\/04\/trilho-da-aguia-do-sarilhao-e1744326449210.webp 2048w\" sizes=\"(max-width: 1024px) 100vw, 1024px\" \/>\t\t<\/a>\n\t\t\t<\/div>\n<\/div>\n<div itemprop=\"dateCreated\" class=\"qodef-e-info-item qodef-e-info-date entry-date\">\n\t<a itemprop=\"url\" href=\"https:\/\/encostasdatorre.com\/en\/2025\/04\/\">\n\t\t8 Apr\t<\/a>\n<\/div>\n\t\t<\/div>\n\t\t<div class=\"qodef-e-content\">\n\t\t\t\t\t\t\t<div class=\"qodef-e-info qodef-info--top\">\n\t\t\t\t\t<div class=\"qodef-e-info-item qodef-e-info-category\">\n\t\t<a href=\"https:\/\/encostasdatorre.com\/en\/category\/natureza\/\" rel=\"category tag\">Nature<\/a><\/div>\n<div class=\"qodef-e-info-item qodef-e-info-author\">\n\t<a itemprop=\"author\" class=\"qodef-e-info-author-link\" href=\"https:\/\/encostasdatorre.com\/en\/author\/jgomes\/\">\n\t\t\t\tJos\u00e9 Gomes\t<\/a>\n<\/div>\n\t\t\t\t<\/div>\n\t\t\t\t\t\t<div class=\"qodef-e-text\">\n\t\t\t\t<h5 itemprop=\"name\" class=\"qodef-e-title entry-title\">\n\t<a itemprop=\"url\" class=\"qodef-e-title-link\" href=\"https:\/\/encostasdatorre.com\/en\/natureza\/trilhos-imperdiveis-do-parque-nacional-peneda-geres-explore-a-natureza-de-terras-de-bouro\/\">\n\t\tUnmissable trails in the Peneda-Ger\u00eas National Park\t<\/a>\n<\/h5>\n\t\t<p itemprop=\"description\" class=\"qodef-e-excerpt\">\n\t\t\tDiscover the incredible trails around Terras de Bouro and experience the nature of Ger\u00eas with views, fauna and flora that are unique in Portugal.\t\t<\/p>\n\t\t\t\t<\/div>\n\t\t\t\t\t\t\t<div class=\"qodef-e-info qodef-info--bottom\">\n\t\t\t\t\t\t<div class=\"qodef-e-read-more\">\n\t\t<a class=\"qodef-shortcode qodef-m qodef-qi-button qodef-html--link qodef-layout--filled qodef-type--standard qodef-icon--right qodef-hover--icon-move-horizontal-short\" href=\"https:\/\/encostasdatorre.com\/en\/natureza\/trilhos-imperdiveis-do-parque-nacional-peneda-geres-explore-a-natureza-de-terras-de-bouro\/\" target=\"_self\">\t<span class=\"qodef-m-text\">Read More<\/span>\t<\/a>\t<\/div>\n\t\t\t\t<\/div>\n\t\t\t\t\t<\/div>\n\t<\/div>\n<\/article>\n<article class=\"qodef-e qodef-blog-item qodef-grid-item qodef-item--large post-8894 post type-post status-publish format-standard has-post-thumbnail hentry category-patrimonio\">\n\t<div class=\"qodef-e-inner\">\n\t\t<div class=\"qodef-e-media-holder\">\n\t\t\t<div class=\"qodef-e-media\">\n\t\t<div class=\"qodef-e-media-image\">\n\t\t<a itemprop=\"url\" href=\"https:\/\/encostasdatorre.com\/en\/patrimonio\/patrimonio-de-terras-de-bouro-cultura-viva\/\">\n\t\t\t<img decoding=\"async\" width=\"1024\" height=\"439\" src=\"https:\/\/encostasdatorre.com\/wp-content\/uploads\/2025\/04\/ponte-medieval-carvalheira-e1744326381345-1024x439.jpg\" class=\"attachment-large size-large\" alt=\"\" srcset=\"https:\/\/encostasdatorre.com\/wp-content\/uploads\/2025\/04\/ponte-medieval-carvalheira-e1744326381345-1024x439.jpg 1024w, https:\/\/encostasdatorre.com\/wp-content\/uploads\/2025\/04\/ponte-medieval-carvalheira-e1744326381345-300x129.jpg 300w, https:\/\/encostasdatorre.com\/wp-content\/uploads\/2025\/04\/ponte-medieval-carvalheira-e1744326381345-768x329.jpg 768w, https:\/\/encostasdatorre.com\/wp-content\/uploads\/2025\/04\/ponte-medieval-carvalheira-e1744326381345.jpg 1360w\" sizes=\"(max-width: 1024px) 100vw, 1024px\" \/>\t\t<\/a>\n\t\t\t<\/div>\n<\/div>\n<div itemprop=\"dateCreated\" class=\"qodef-e-info-item qodef-e-info-date entry-date\">\n\t<a itemprop=\"url\" href=\"https:\/\/encostasdatorre.com\/en\/2025\/04\/\">\n\t\t4 Apr\t<\/a>\n<\/div>\n\t\t<\/div>\n\t\t<div class=\"qodef-e-content\">\n\t\t\t\t\t\t\t<div class=\"qodef-e-info qodef-info--top\">\n\t\t\t\t\t<div class=\"qodef-e-info-item qodef-e-info-category\">\n\t\t<a href=\"https:\/\/encostasdatorre.com\/en\/category\/patrimonio\/\" rel=\"category tag\">Heritage<\/a><\/div>\n<div class=\"qodef-e-info-item qodef-e-info-author\">\n\t<a itemprop=\"author\" class=\"qodef-e-info-author-link\" href=\"https:\/\/encostasdatorre.com\/en\/author\/jgomes\/\">\n\t\t\t\tJos\u00e9 Gomes\t<\/a>\n<\/div>\n\t\t\t\t<\/div>\n\t\t\t\t\t\t<div class=\"qodef-e-text\">\n\t\t\t\t<h5 itemprop=\"name\" class=\"qodef-e-title entry-title\">\n\t<a itemprop=\"url\" class=\"qodef-e-title-link\" href=\"https:\/\/encostasdatorre.com\/en\/patrimonio\/patrimonio-de-terras-de-bouro-cultura-viva\/\">\n\t\tHeritage of Terras de Bouro, Living Culture\t<\/a>\n<\/h5>\n\t\t<p itemprop=\"description\" class=\"qodef-e-excerpt\">\n\t\t\tExplore medieval bridges, submerged villages and Roman paths near Encostas da Torre, a stone's throw from the heart of Ger\u00eas.\t\t<\/p>\n\t\t\t\t<\/div>\n\t\t\t\t\t\t\t<div class=\"qodef-e-info qodef-info--bottom\">\n\t\t\t\t\t\t<div class=\"qodef-e-read-more\">\n\t\t<a class=\"qodef-shortcode qodef-m qodef-qi-button qodef-html--link qodef-layout--filled qodef-type--standard qodef-icon--right qodef-hover--icon-move-horizontal-short\" href=\"https:\/\/encostasdatorre.com\/en\/patrimonio\/patrimonio-de-terras-de-bouro-cultura-viva\/\" target=\"_self\">\t<span class=\"qodef-m-text\">Read More<\/span>\t<\/a>\t<\/div>\n\t\t\t\t<\/div>\n\t\t\t\t\t<\/div>\n\t<\/div>\n<\/article>\n\t<\/div>\n\t<\/div>\n\t\t\t\t<\/div>\n\t\t\t\t<\/div>\n\t\t\t\t\t<\/div>\n\t\t\t\t<\/div>\n\t\t\t\t<\/div>","protected":false},"excerpt":{"rendered":"<p>Envolvente Descubra Tudo o Que o Ger\u00eas Tem para Oferecer A regi\u00e3o envolvente da Encostas da Torre \u00e9 um convite \u00e0 aventura, ao descanso e \u00e0 descoberta. Desde trilhos deslumbrantes no Parque Nacional da Peneda-Ger\u00eas at\u00e9 experi\u00eancias de desporto e lazer, h\u00e1 sempre algo para explorar. Conhe\u00e7a os principais pontos tur\u00edsticos, descubra a riqueza do [&hellip;]<\/p>","protected":false},"author":1,"featured_media":0,"parent":0,"menu_order":0,"comment_status":"closed","ping_status":"closed","template":"","meta":{"_acf_changed":false,"footnotes":""},"class_list":["post-8567","page","type-page","status-publish","hentry"],"acf":[],"_links":{"self":[{"href":"https:\/\/encostasdatorre.com\/en\/wp-json\/wp\/v2\/pages\/8567","targetHints":{"allow":["GET"]}}],"collection":[{"href":"https:\/\/encostasdatorre.com\/en\/wp-json\/wp\/v2\/pages"}],"about":[{"href":"https:\/\/encostasdatorre.com\/en\/wp-json\/wp\/v2\/types\/page"}],"author":[{"embeddable":true,"href":"https:\/\/encostasdatorre.com\/en\/wp-json\/wp\/v2\/users\/1"}],"replies":[{"embeddable":true,"href":"https:\/\/encostasdatorre.com\/en\/wp-json\/wp\/v2\/comments?post=8567"}],"version-history":[{"count":9,"href":"https:\/\/encostasdatorre.com\/en\/wp-json\/wp\/v2\/pages\/8567\/revisions"}],"predecessor-version":[{"id":9094,"href":"https:\/\/encostasdatorre.com\/en\/wp-json\/wp\/v2\/pages\/8567\/revisions\/9094"}],"wp:attachment":[{"href":"https:\/\/encostasdatorre.com\/en\/wp-json\/wp\/v2\/media?parent=8567"}],"curies":[{"name":"wp","href":"https:\/\/api.w.org\/{rel}","templated":true}]}}